{"id":351,"date":"2025-02-10T10:44:44","date_gmt":"2025-02-10T13:44:44","guid":{"rendered":"https:\/\/lica.ingenieria.uner.edu.ar\/?page_id=351"},"modified":"2025-05-08T14:54:00","modified_gmt":"2025-05-08T17:54:00","slug":"elementor-351","status":"publish","type":"page","link":"https:\/\/lica.ingenieria.uner.edu.ar\/","title":{"rendered":"Inicio"},"content":{"rendered":"\t\t<div data-elementor-type=\"wp-page\" data-elementor-id=\"351\" class=\"elementor elementor-351\">\n\t\t\t\t<div class=\"elementor-element elementor-element-e603d33 e-flex e-con-boxed e-con e-parent\" data-id=\"e603d33\" data-element_type=\"container\" data-settings=\"{&quot;background_background&quot;:&quot;classic&quot;}\">\n\t\t\t\t\t<div class=\"e-con-inner\">\n\t\t<div class=\"elementor-element elementor-element-2397375 e-con-full e-flex e-con e-child\" data-id=\"2397375\" data-element_type=\"container\">\n\t\t\t\t<div class=\"elementor-element elementor-element-c77b11a elementor-widget elementor-widget-heading\" data-id=\"c77b11a\" data-element_type=\"widget\" data-widget_type=\"heading.default\">\n\t\t\t\t<div class=\"elementor-widget-container\">\n\t\t\t\t\t<h2 class=\"elementor-heading-title elementor-size-default\">Laboratorio de<\/h2>\t\t\t\t<\/div>\n\t\t\t\t<\/div>\n\t\t\t\t<div class=\"elementor-element elementor-element-eec33a8 elementor-widget elementor-widget-heading\" data-id=\"eec33a8\" data-element_type=\"widget\" data-widget_type=\"heading.default\">\n\t\t\t\t<div class=\"elementor-widget-container\">\n\t\t\t\t\t<h2 class=\"elementor-heading-title elementor-size-default\">Inform\u00e1tica y Computaci\u00f3n<br>Aplicada (LICA)<\/h2>\t\t\t\t<\/div>\n\t\t\t\t<\/div>\n\t\t\t\t<\/div>\n\t\t\t\t\t<\/div>\n\t\t\t\t<\/div>\n\t\t<div class=\"elementor-element elementor-element-0f0ed70 e-flex e-con-boxed e-con e-parent\" data-id=\"0f0ed70\" data-element_type=\"container\">\n\t\t\t\t\t<div class=\"e-con-inner\">\n\t\t\t\t<div class=\"elementor-element elementor-element-05c8df1 elementor-widget elementor-widget-heading\" data-id=\"05c8df1\" data-element_type=\"widget\" data-widget_type=\"heading.default\">\n\t\t\t\t<div class=\"elementor-widget-container\">\n\t\t\t\t\t<h2 class=\"elementor-heading-title elementor-size-default\"><br><br>El Laboratorio de Inform\u00e1tica y Computaci\u00f3n Aplicada (LICA) es un n\u00facleo de I+D+i de la Facultad de Ingenier\u00eda de la Universidad Nacional de Entre R\u00edos (FI-UNER). Tiene como objetivo principal establecer un espacio para la investigaci\u00f3n, desarrollo e innovaci\u00f3n en el campo de la computaci\u00f3n e inform\u00e1tica aplicada. El laboratorio se centra en la generaci\u00f3n de conocimientos y la creaci\u00f3n de soluciones cient\u00edficas y tecnol\u00f3gicas de alto impacto, as\u00ed como en el desarrollo de capacidades humanas, que puedan aportar efectivamente al conocimiento cient\u00edfico, al desarrollo de m\u00e9todos y t\u00e9cnicas con potencial de transferencia a la industria local, regional y nacional. Al abordar desaf\u00edos cient\u00edficos-tecnol\u00f3gicos de relevancia, se busca que el LICA contribuya al progreso y bienestar de la comunidad acad\u00e9mica y la sociedad en su conjunto.<\/h2>\t\t\t\t<\/div>\n\t\t\t\t<\/div>\n\t\t\t\t\t<\/div>\n\t\t\t\t<\/div>\n\t\t\t\t<\/div>\n\t\t","protected":false},"excerpt":{"rendered":"<p>Laboratorio de Inform\u00e1tica y Computaci\u00f3nAplicada (LICA) El Laboratorio de Inform\u00e1tica y Computaci\u00f3n Aplicada (LICA) es un n\u00facleo de I+D+i de la Facultad de Ingenier\u00eda de la Universidad Nacional de Entre R\u00edos (FI-UNER). Tiene como objetivo principal establecer un espacio para la investigaci\u00f3n, desarrollo e innovaci\u00f3n en el campo de la computaci\u00f3n e inform\u00e1tica aplicada. El [&hellip;]<\/p>\n","protected":false},"author":1,"featured_media":0,"parent":0,"menu_order":0,"comment_status":"closed","ping_status":"closed","template":"","meta":{"site-sidebar-layout":"no-sidebar","site-content-layout":"","ast-site-content-layout":"full-width-container","site-content-style":"default","site-sidebar-style":"default","ast-global-header-display":"","ast-banner-title-visibility":"","ast-main-header-display":"","ast-hfb-above-header-display":"","ast-hfb-below-header-display":"","ast-hfb-mobile-header-display":"","site-post-title":"disabled","ast-breadcrumbs-content":"","ast-featured-img":"disabled","footer-sml-layout":"","theme-transparent-header-meta":"","adv-header-id-meta":"","stick-header-meta":"","header-above-stick-meta":"","header-main-stick-meta":"","header-below-stick-meta":"","astra-migrate-meta-layouts":"default","ast-page-background-enabled":"default","ast-page-background-meta":{"desktop":{"background-color":"var(--ast-global-color-5)","background-image":"","background-repeat":"repeat","background-position":"center center","background-size":"auto","background-attachment":"scroll","background-type":"","background-media":"","overlay-type":"","overlay-color":"","overlay-opacity":"","overlay-gradient":""},"tablet":{"background-color":"","background-image":"","background-repeat":"repeat","background-position":"center center","background-size":"auto","background-attachment":"scroll","background-type":"","background-media":"","overlay-type":"","overlay-color":"","overlay-opacity":"","overlay-gradient":""},"mobile":{"background-color":"","background-image":"","background-repeat":"repeat","background-position":"center center","background-size":"auto","background-attachment":"scroll","background-type":"","background-media":"","overlay-type":"","overlay-color":"","overlay-opacity":"","overlay-gradient":""}},"ast-content-background-meta":{"desktop":{"background-color":"var(--ast-global-color-4)","background-image":"","background-repeat":"repeat","background-position":"center center","background-size":"auto","background-attachment":"scroll","background-type":"","background-media":"","overlay-type":"","overlay-color":"","overlay-opacity":"","overlay-gradient":""},"tablet":{"background-color":"var(--ast-global-color-4)","background-image":"","background-repeat":"repeat","background-position":"center center","background-size":"auto","background-attachment":"scroll","background-type":"","background-media":"","overlay-type":"","overlay-color":"","overlay-opacity":"","overlay-gradient":""},"mobile":{"background-color":"var(--ast-global-color-4)","background-image":"","background-repeat":"repeat","background-position":"center center","background-size":"auto","background-attachment":"scroll","background-type":"","background-media":"","overlay-type":"","overlay-color":"","overlay-opacity":"","overlay-gradient":""}},"footnotes":""},"class_list":["post-351","page","type-page","status-publish","hentry"],"_links":{"self":[{"href":"https:\/\/lica.ingenieria.uner.edu.ar\/index.php\/wp-json\/wp\/v2\/pages\/351","targetHints":{"allow":["GET"]}}],"collection":[{"href":"https:\/\/lica.ingenieria.uner.edu.ar\/index.php\/wp-json\/wp\/v2\/pages"}],"about":[{"href":"https:\/\/lica.ingenieria.uner.edu.ar\/index.php\/wp-json\/wp\/v2\/types\/page"}],"author":[{"embeddable":true,"href":"https:\/\/lica.ingenieria.uner.edu.ar\/index.php\/wp-json\/wp\/v2\/users\/1"}],"replies":[{"embeddable":true,"href":"https:\/\/lica.ingenieria.uner.edu.ar\/index.php\/wp-json\/wp\/v2\/comments?post=351"}],"version-history":[{"count":19,"href":"https:\/\/lica.ingenieria.uner.edu.ar\/index.php\/wp-json\/wp\/v2\/pages\/351\/revisions"}],"predecessor-version":[{"id":551,"href":"https:\/\/lica.ingenieria.uner.edu.ar\/index.php\/wp-json\/wp\/v2\/pages\/351\/revisions\/551"}],"wp:attachment":[{"href":"https:\/\/lica.ingenieria.uner.edu.ar\/index.php\/wp-json\/wp\/v2\/media?parent=351"}],"curies":[{"name":"wp","href":"https:\/\/api.w.org\/{rel}","templated":true}]}}