{"id":413,"date":"2025-02-13T10:08:36","date_gmt":"2025-02-13T13:08:36","guid":{"rendered":"https:\/\/lica.ingenieria.uner.edu.ar\/?page_id=413"},"modified":"2025-04-28T10:08:46","modified_gmt":"2025-04-28T13:08:46","slug":"web-demos","status":"publish","type":"page","link":"https:\/\/lica.ingenieria.uner.edu.ar\/index.php\/web-demos\/","title":{"rendered":"Web Demos"},"content":{"rendered":"\t\t<div data-elementor-type=\"wp-page\" data-elementor-id=\"413\" class=\"elementor elementor-413\">\n\t\t\t\t<div class=\"elementor-element elementor-element-f83e242 e-flex e-con-boxed e-con e-parent\" data-id=\"f83e242\" data-element_type=\"container\">\n\t\t\t\t\t<div class=\"e-con-inner\">\n\t\t\t\t<div class=\"elementor-element elementor-element-20c1e99 elementor-widget elementor-widget-heading\" data-id=\"20c1e99\" data-element_type=\"widget\" data-widget_type=\"heading.default\">\n\t\t\t\t<div class=\"elementor-widget-container\">\n\t\t\t\t\t<h2 class=\"elementor-heading-title elementor-size-default\">Web Demos<\/h2>\t\t\t\t<\/div>\n\t\t\t\t<\/div>\n\t\t\t\t\t<\/div>\n\t\t\t\t<\/div>\n\t\t<div class=\"elementor-element elementor-element-0bff095 e-flex e-con-boxed e-con e-parent\" data-id=\"0bff095\" data-element_type=\"container\">\n\t\t\t\t\t<div class=\"e-con-inner\">\n\t\t\t\t<div class=\"elementor-element elementor-element-71faa1a elementor-widget-divider--view-line elementor-widget elementor-widget-divider\" data-id=\"71faa1a\" data-element_type=\"widget\" data-widget_type=\"divider.default\">\n\t\t\t\t<div class=\"elementor-widget-container\">\n\t\t\t\t\t\t\t<div class=\"elementor-divider\">\n\t\t\t<span class=\"elementor-divider-separator\">\n\t\t\t\t\t\t<\/span>\n\t\t<\/div>\n\t\t\t\t\t\t<\/div>\n\t\t\t\t<\/div>\n\t\t\t\t\t<\/div>\n\t\t\t\t<\/div>\n\t\t<div class=\"elementor-element elementor-element-428660b e-flex e-con-boxed e-con e-parent\" data-id=\"428660b\" data-element_type=\"container\">\n\t\t\t\t\t<div class=\"e-con-inner\">\n\t\t\t\t<div class=\"elementor-element elementor-element-972c1ab elementor-widget elementor-widget-heading\" data-id=\"972c1ab\" data-element_type=\"widget\" data-widget_type=\"heading.default\">\n\t\t\t\t<div class=\"elementor-widget-container\">\n\t\t\t\t\t<h2 class=\"elementor-heading-title elementor-size-default\">UsiLac<\/h2>\t\t\t\t<\/div>\n\t\t\t\t<\/div>\n\t\t\t\t\t<\/div>\n\t\t\t\t<\/div>\n\t\t<div class=\"elementor-element elementor-element-ab16769 e-grid e-con-boxed e-con e-parent\" data-id=\"ab16769\" data-element_type=\"container\">\n\t\t\t\t\t<div class=\"e-con-inner\">\n\t\t<div class=\"elementor-element elementor-element-272e4e1 e-con-full e-flex e-con e-child\" data-id=\"272e4e1\" data-element_type=\"container\">\n\t\t\t\t<div class=\"elementor-element elementor-element-19b63f2 elementor-widget elementor-widget-image\" data-id=\"19b63f2\" data-element_type=\"widget\" data-widget_type=\"image.default\">\n\t\t\t\t<div class=\"elementor-widget-container\">\n\t\t\t\t\t\t\t\t\t\t\t\t\t\t\t<img decoding=\"async\" src=\"https:\/\/lica.ingenieria.uner.edu.ar\/wp-content\/uploads\/elementor\/thumbs\/1-r1g3iizk0sotp8mg0t40xtfbmhxr5ou924k7hscg9w.png\" title=\"1\" alt=\"dashboard\" loading=\"lazy\" \/>\t\t\t\t\t\t\t\t\t\t\t\t\t\t\t<\/div>\n\t\t\t\t<\/div>\n\t\t\t\t<\/div>\n\t\t<div class=\"elementor-element elementor-element-65ee2ed e-con-full e-flex e-con e-child\" data-id=\"65ee2ed\" data-element_type=\"container\">\n\t\t\t\t<div class=\"elementor-element elementor-element-8583eb1 elementor-widget elementor-widget-text-editor\" data-id=\"8583eb1\" data-element_type=\"widget\" data-widget_type=\"text-editor.default\">\n\t\t\t\t<div class=\"elementor-widget-container\">\n\t\t\t\t\t\t\t\t\t<p><b>Dise\u00f1o y Prototipado de un Sistema de IoT para una Usina L\u00e1ctica<\/b><\/p><p>Este sitio es una demostraci\u00f3n de c\u00f3mo se pueden centralizar los datos digitalizados de una usina l\u00e1ctica hipot\u00e9tica.<\/p><p>Aqu\u00ed se pueden explorar paneles interactivos que muestran tentativamente c\u00f3mo se podr\u00edan monitorear los procesos productivos en tiempo real. Los datos mostrados son simulados y generados de forma aleatoria.<\/p><p>Este desarrollo ha sido realizado por miembros del Laboratorio de Inform\u00e1tica y Computaci\u00f3n Aplicada de la FI-UNER (LICA-FI-UNER)<\/p><p><a href=\"https:\/\/usilac.ingenieria.uner.edu.ar\/dashboard\/home\">Usina L\u00e1ctica<\/a><\/p>\t\t\t\t\t\t\t\t<\/div>\n\t\t\t\t<\/div>\n\t\t\t\t<\/div>\n\t\t\t\t\t<\/div>\n\t\t\t\t<\/div>\n\t\t<div class=\"elementor-element elementor-element-704ac01 e-flex e-con-boxed e-con e-parent\" data-id=\"704ac01\" data-element_type=\"container\">\n\t\t\t\t\t<div class=\"e-con-inner\">\n\t\t\t\t<div class=\"elementor-element elementor-element-23cb1ed elementor-widget-divider--view-line elementor-widget elementor-widget-divider\" data-id=\"23cb1ed\" data-element_type=\"widget\" data-widget_type=\"divider.default\">\n\t\t\t\t<div class=\"elementor-widget-container\">\n\t\t\t\t\t\t\t<div class=\"elementor-divider\">\n\t\t\t<span class=\"elementor-divider-separator\">\n\t\t\t\t\t\t<\/span>\n\t\t<\/div>\n\t\t\t\t\t\t<\/div>\n\t\t\t\t<\/div>\n\t\t\t\t\t<\/div>\n\t\t\t\t<\/div>\n\t\t\t\t<\/div>\n\t\t","protected":false},"excerpt":{"rendered":"<p>Web Demos UsiLac Dise\u00f1o y Prototipado de un Sistema de IoT para una Usina L\u00e1ctica Este sitio es una demostraci\u00f3n de c\u00f3mo se pueden centralizar los datos digitalizados de una usina l\u00e1ctica hipot\u00e9tica. Aqu\u00ed se pueden explorar paneles interactivos que muestran tentativamente c\u00f3mo se podr\u00edan monitorear los procesos productivos en tiempo real. Los datos mostrados [&hellip;]<\/p>\n","protected":false},"author":1,"featured_media":0,"parent":0,"menu_order":0,"comment_status":"closed","ping_status":"closed","template":"","meta":{"site-sidebar-layout":"no-sidebar","site-content-layout":"","ast-site-content-layout":"full-width-container","site-content-style":"default","site-sidebar-style":"default","ast-global-header-display":"","ast-banner-title-visibility":"","ast-main-header-display":"","ast-hfb-above-header-display":"","ast-hfb-below-header-display":"","ast-hfb-mobile-header-display":"","site-post-title":"disabled","ast-breadcrumbs-content":"","ast-featured-img":"","footer-sml-layout":"","theme-transparent-header-meta":"","adv-header-id-meta":"","stick-header-meta":"","header-above-stick-meta":"","header-main-stick-meta":"","header-below-stick-meta":"","astra-migrate-meta-layouts":"default","ast-page-background-enabled":"default","ast-page-background-meta":{"desktop":{"background-color":"var(--ast-global-color-5)","background-image":"","background-repeat":"repeat","background-position":"center center","background-size":"auto","background-attachment":"scroll","background-type":"","background-media":"","overlay-type":"","overlay-color":"","overlay-opacity":"","overlay-gradient":""},"tablet":{"background-color":"","background-image":"","background-repeat":"repeat","background-position":"center center","background-size":"auto","background-attachment":"scroll","background-type":"","background-media":"","overlay-type":"","overlay-color":"","overlay-opacity":"","overlay-gradient":""},"mobile":{"background-color":"","background-image":"","background-repeat":"repeat","background-position":"center center","background-size":"auto","background-attachment":"scroll","background-type":"","background-media":"","overlay-type":"","overlay-color":"","overlay-opacity":"","overlay-gradient":""}},"ast-content-background-meta":{"desktop":{"background-color":"var(--ast-global-color-4)","background-image":"","background-repeat":"repeat","background-position":"center center","background-size":"auto","background-attachment":"scroll","background-type":"","background-media":"","overlay-type":"","overlay-color":"","overlay-opacity":"","overlay-gradient":""},"tablet":{"background-color":"var(--ast-global-color-4)","background-image":"","background-repeat":"repeat","background-position":"center center","background-size":"auto","background-attachment":"scroll","background-type":"","background-media":"","overlay-type":"","overlay-color":"","overlay-opacity":"","overlay-gradient":""},"mobile":{"background-color":"var(--ast-global-color-4)","background-image":"","background-repeat":"repeat","background-position":"center center","background-size":"auto","background-attachment":"scroll","background-type":"","background-media":"","overlay-type":"","overlay-color":"","overlay-opacity":"","overlay-gradient":""}},"footnotes":""},"class_list":["post-413","page","type-page","status-publish","hentry"],"_links":{"self":[{"href":"https:\/\/lica.ingenieria.uner.edu.ar\/index.php\/wp-json\/wp\/v2\/pages\/413","targetHints":{"allow":["GET"]}}],"collection":[{"href":"https:\/\/lica.ingenieria.uner.edu.ar\/index.php\/wp-json\/wp\/v2\/pages"}],"about":[{"href":"https:\/\/lica.ingenieria.uner.edu.ar\/index.php\/wp-json\/wp\/v2\/types\/page"}],"author":[{"embeddable":true,"href":"https:\/\/lica.ingenieria.uner.edu.ar\/index.php\/wp-json\/wp\/v2\/users\/1"}],"replies":[{"embeddable":true,"href":"https:\/\/lica.ingenieria.uner.edu.ar\/index.php\/wp-json\/wp\/v2\/comments?post=413"}],"version-history":[{"count":56,"href":"https:\/\/lica.ingenieria.uner.edu.ar\/index.php\/wp-json\/wp\/v2\/pages\/413\/revisions"}],"predecessor-version":[{"id":537,"href":"https:\/\/lica.ingenieria.uner.edu.ar\/index.php\/wp-json\/wp\/v2\/pages\/413\/revisions\/537"}],"wp:attachment":[{"href":"https:\/\/lica.ingenieria.uner.edu.ar\/index.php\/wp-json\/wp\/v2\/media?parent=413"}],"curies":[{"name":"wp","href":"https:\/\/api.w.org\/{rel}","templated":true}]}}